{"id":138,"date":"2025-06-17T16:05:05","date_gmt":"2025-06-17T16:05:05","guid":{"rendered":"https:\/\/coffrages-solu-tech.com\/?page_id=138"},"modified":"2025-09-05T15:55:39","modified_gmt":"2025-09-05T15:55:39","slug":"nos-partenaires","status":"publish","type":"page","link":"https:\/\/coffrages-solu-tech.com\/?page_id=138","title":{"rendered":"Nos partenaires"},"content":{"rendered":"\n<div class=\"wp-block-group is-nowrap is-layout-flex wp-container-core-group-is-layout-6c531013 wp-block-group-is-layout-flex\">\n<figure class=\"wp-block-gallery has-nested-images columns-default is-cropped wp-block-gallery-1 is-layout-flex wp-block-gallery-is-layout-flex\">\n<figure class=\"wp-block-image size-large\" id=\"https:\/\/www.isolationfortin.ca\/\"><a href=\"https:\/\/www.isolationfortin.ca\/\"><img loading=\"lazy\" decoding=\"async\" width=\"1024\" height=\"341\" data-id=\"139\" src=\"https:\/\/coffrages-solu-tech.com\/wp-content\/uploads\/2025\/06\/Screenshot_20250616_135951-1024x341.png\" alt=\"\" class=\"wp-image-139\" srcset=\"https:\/\/coffrages-solu-tech.com\/wp-content\/uploads\/2025\/06\/Screenshot_20250616_135951-1024x341.png 1024w, https:\/\/coffrages-solu-tech.com\/wp-content\/uploads\/2025\/06\/Screenshot_20250616_135951-300x100.png 300w, https:\/\/coffrages-solu-tech.com\/wp-content\/uploads\/2025\/06\/Screenshot_20250616_135951-768x256.png 768w, https:\/\/coffrages-solu-tech.com\/wp-content\/uploads\/2025\/06\/Screenshot_20250616_135951.png 1147w\" sizes=\"auto, (max-width: 1024px) 100vw, 1024px\" \/><\/a><\/figure>\n<\/figure>\n\n\n\n<p>Fond\u00e9e en 1995, Isolation Fortin (initialement Isolation Magella) est une entreprise \u00e9tablie dans la r\u00e9gion du Lac-St-Jean. Forte de plus de 25 ans d\u2019exp\u00e9rience, elle a su diversifier son offre en int\u00e9grant l\u2019expertise de Goutti\u00e8res Sag-Lac, une fili\u00e8res d\u00e9di\u00e9e \u00e0 l\u2019installation de goutti\u00e8res partout dans la r\u00e9gion<\/p>\n<\/div>\n\n\n\n<p><\/p>\n","protected":false},"excerpt":{"rendered":"<p>Fond\u00e9e en 1995, Isolation Fortin (initialement Isolation Magella) est une entreprise \u00e9tablie dans la r\u00e9gion du Lac-St-Jean. Forte de plus de 25 ans d\u2019exp\u00e9rience, elle a su diversifier son offre en int\u00e9grant l\u2019expertise de Goutti\u00e8res Sag-Lac, une fili\u00e8res d\u00e9di\u00e9e \u00e0 l\u2019installation de goutti\u00e8res partout dans la r\u00e9gion<\/p>\n","protected":false},"author":2,"featured_media":0,"parent":0,"menu_order":0,"comment_status":"closed","ping_status":"closed","template":"","meta":{"footnotes":""},"class_list":["post-138","page","type-page","status-publish","hentry"],"_links":{"self":[{"href":"https:\/\/coffrages-solu-tech.com\/index.php?rest_route=\/wp\/v2\/pages\/138","targetHints":{"allow":["GET"]}}],"collection":[{"href":"https:\/\/coffrages-solu-tech.com\/index.php?rest_route=\/wp\/v2\/pages"}],"about":[{"href":"https:\/\/coffrages-solu-tech.com\/index.php?rest_route=\/wp\/v2\/types\/page"}],"author":[{"embeddable":true,"href":"https:\/\/coffrages-solu-tech.com\/index.php?rest_route=\/wp\/v2\/users\/2"}],"replies":[{"embeddable":true,"href":"https:\/\/coffrages-solu-tech.com\/index.php?rest_route=%2Fwp%2Fv2%2Fcomments&post=138"}],"version-history":[{"count":4,"href":"https:\/\/coffrages-solu-tech.com\/index.php?rest_route=\/wp\/v2\/pages\/138\/revisions"}],"predecessor-version":[{"id":170,"href":"https:\/\/coffrages-solu-tech.com\/index.php?rest_route=\/wp\/v2\/pages\/138\/revisions\/170"}],"wp:attachment":[{"href":"https:\/\/coffrages-solu-tech.com\/index.php?rest_route=%2Fwp%2Fv2%2Fmedia&parent=138"}],"curies":[{"name":"wp","href":"https:\/\/api.w.org\/{rel}","templated":true}]}}